{"id":2878,"date":"2021-08-20T04:10:39","date_gmt":"2021-08-20T04:10:39","guid":{"rendered":"http:\/\/aadk-portugal.pt\/en\/?page_id=2878"},"modified":"2022-08-26T06:33:35","modified_gmt":"2022-08-26T06:33:35","slug":"agenda","status":"publish","type":"page","link":"https:\/\/aadk-portugal.pt\/en\/agenda\/","title":{"rendered":"Agenda"},"content":{"rendered":"\t\t<div data-elementor-type=\"wp-page\" data-elementor-id=\"2878\" class=\"elementor elementor-2878\" data-elementor-settings=\"[]\">\n\t\t\t\t\t\t\t<div class=\"elementor-section-wrap\">\n\t\t\t\t\t\t\t<section class=\"elementor-section elementor-top-section elementor-element elementor-element-5595b29 elementor-section-boxed elementor-section-height-default elementor-section-height-default\" data-id=\"5595b29\" data-element_type=\"section\">\n\t\t\t\t\t\t<div class=\"elementor-container elementor-column-gap-default\">\n\t\t\t\t\t<div class=\"elementor-column elementor-col-100 elementor-top-column elementor-element elementor-element-68729bd\" data-id=\"68729bd\" data-element_type=\"column\">\n\t\t\t<div class=\"elementor-widget-wrap elementor-element-populated\">\n\t\t\t\t\t\t\t\t<div class=\"elementor-element elementor-element-63b7848 elementor-widget-divider--view-line elementor-widget elementor-widget-divider\" data-id=\"63b7848\" data-element_type=\"widget\" data-widget_type=\"divider.default\">\n\t\t\t\t<div class=\"elementor-widget-container\">\n\t\t\t\t\t<div class=\"elementor-divider\">\n\t\t\t<span class=\"elementor-divider-separator\">\n\t\t\t\t\t\t<\/span>\n\t\t<\/div>\n\t\t\t\t<\/div>\n\t\t\t\t<\/div>\n\t\t\t\t<div class=\"elementor-element elementor-element-3455641 elementor-widget elementor-widget-text-editor\" data-id=\"3455641\" data-element_type=\"widget\" data-widget_type=\"text-editor.default\">\n\t\t\t\t<div class=\"elementor-widget-container\">\n\t\t\t\t\t\t\t<b>2021\u00a0<\/b>\t\t\t\t\t\t<\/div>\n\t\t\t\t<\/div>\n\t\t\t\t<div class=\"elementor-element elementor-element-64e5fb8 elementor-widget elementor-widget-text-editor\" data-id=\"64e5fb8\" data-element_type=\"widget\" data-widget_type=\"text-editor.default\">\n\t\t\t\t<div class=\"elementor-widget-container\">\n\t\t\t\t\t\t\t<b>THE PLOT BEGINS\u2026\u00a0on full moons, autumn equinox and winter solstice<\/b>\t\t\t\t\t\t<\/div>\n\t\t\t\t<\/div>\n\t\t\t\t<div class=\"elementor-element elementor-element-a99567b elementor-widget elementor-widget-text-editor\" data-id=\"a99567b\" data-element_type=\"widget\" data-widget_type=\"text-editor.default\">\n\t\t\t\t<div class=\"elementor-widget-container\">\n\t\t\t\t\t\t\t<h4>The Plot begins!<\/h4><h5><a href=\"https:\/\/aadk-portugal.pt\/en\/activities\/\"><span style=\"text-decoration: underline;\">sunday, August 22nd | 5.30pm &#8211; 10pm<\/span><\/a><\/h5><h6>Curatorial Interventions by V\u00e2nia Rovisco, Margarida Mendes and S\u00f3nia Baptista<\/h6>\t\t\t\t\t\t<\/div>\n\t\t\t\t<\/div>\n\t\t\t\t<div class=\"elementor-element elementor-element-bbd6d70 elementor-widget-divider--view-line elementor-widget elementor-widget-divider\" data-id=\"bbd6d70\" data-element_type=\"widget\" data-widget_type=\"divider.default\">\n\t\t\t\t<div class=\"elementor-widget-container\">\n\t\t\t\t\t<div class=\"elementor-divider\">\n\t\t\t<span class=\"elementor-divider-separator\">\n\t\t\t\t\t\t<\/span>\n\t\t<\/div>\n\t\t\t\t<\/div>\n\t\t\t\t<\/div>\n\t\t\t\t<div class=\"elementor-element elementor-element-af312f9 elementor-widget elementor-widget-text-editor\" data-id=\"af312f9\" data-element_type=\"widget\" data-widget_type=\"text-editor.default\">\n\t\t\t\t<div class=\"elementor-widget-container\">\n\t\t\t\t\t\t\t<h4>The Plot thickens<\/h4><h5><a href=\"https:\/\/aadk-portugal.pt\/en\/activities\/\"><span style=\"text-decoration: underline;\">sunday, September 19th | 5.30pm &#8211; 10pm<\/span><\/a><\/h5><h6>Curatorial interventions by V\u00e2nia Rovisco and Margarida Mendes.<\/h6><h5><span style=\"text-decoration: underline;\"><br \/><a href=\"https:\/\/aadk-portugal.pt\/en\/activities\/\">tuesday, September 21st | 5.30pm &#8211; 10pm<\/a><\/span><\/h5><h6>Curatorial interventions by V\u00e2nia Rovisco and S\u00f3nia Baptista.<\/h6>\t\t\t\t\t\t<\/div>\n\t\t\t\t<\/div>\n\t\t\t\t<div class=\"elementor-element elementor-element-732beeb elementor-widget-divider--view-line elementor-widget elementor-widget-divider\" data-id=\"732beeb\" data-element_type=\"widget\" data-widget_type=\"divider.default\">\n\t\t\t\t<div class=\"elementor-widget-container\">\n\t\t\t\t\t<div class=\"elementor-divider\">\n\t\t\t<span class=\"elementor-divider-separator\">\n\t\t\t\t\t\t<\/span>\n\t\t<\/div>\n\t\t\t\t<\/div>\n\t\t\t\t<\/div>\n\t\t\t\t<div class=\"elementor-element elementor-element-20e50be elementor-widget elementor-widget-text-editor\" data-id=\"20e50be\" data-element_type=\"widget\" data-widget_type=\"text-editor.default\">\n\t\t\t\t<div class=\"elementor-widget-container\">\n\t\t\t\t\t\t\t<h4>The Plot closed to the public<\/h4><h5><span style=\"text-decoration: underline;\">tuesday and wednesday, October 19th and 20th<\/span><\/h5><h6>Encounter closed to the public.<\/h6>\t\t\t\t\t\t<\/div>\n\t\t\t\t<\/div>\n\t\t\t\t<div class=\"elementor-element elementor-element-018173e elementor-widget-divider--view-line elementor-widget elementor-widget-divider\" data-id=\"018173e\" data-element_type=\"widget\" data-widget_type=\"divider.default\">\n\t\t\t\t<div class=\"elementor-widget-container\">\n\t\t\t\t\t<div class=\"elementor-divider\">\n\t\t\t<span class=\"elementor-divider-separator\">\n\t\t\t\t\t\t<\/span>\n\t\t<\/div>\n\t\t\t\t<\/div>\n\t\t\t\t<\/div>\n\t\t\t\t<div class=\"elementor-element elementor-element-1356841 elementor-widget elementor-widget-text-editor\" data-id=\"1356841\" data-element_type=\"widget\" data-widget_type=\"text-editor.default\">\n\t\t\t\t<div class=\"elementor-widget-container\">\n\t\t\t\t\t\t\t<h4>The Plot returns<\/h4><h5><a href=\"https:\/\/aadk-portugal.pt\/en\/activities\/\"><span style=\"text-decoration: underline;\">saturday, November 20th | 5pm &#8211; 10pm<\/span><\/a><\/h5><h6>Curatorial Interventions by V\u00e2nia Rovisco, Margarida Mendes and S\u00f3nia Baptista.<\/h6>\t\t\t\t\t\t<\/div>\n\t\t\t\t<\/div>\n\t\t\t\t<div class=\"elementor-element elementor-element-c6a5fb7 elementor-widget-divider--view-line elementor-widget elementor-widget-divider\" data-id=\"c6a5fb7\" data-element_type=\"widget\" data-widget_type=\"divider.default\">\n\t\t\t\t<div class=\"elementor-widget-container\">\n\t\t\t\t\t<div class=\"elementor-divider\">\n\t\t\t<span class=\"elementor-divider-separator\">\n\t\t\t\t\t\t<\/span>\n\t\t<\/div>\n\t\t\t\t<\/div>\n\t\t\t\t<\/div>\n\t\t\t\t<div class=\"elementor-element elementor-element-b584a89 elementor-widget elementor-widget-text-editor\" data-id=\"b584a89\" data-element_type=\"widget\" data-widget_type=\"text-editor.default\">\n\t\t\t\t<div class=\"elementor-widget-container\">\n\t\t\t\t\t\t\t<h4>The Plot expands<\/h4><h5><a href=\"https:\/\/aadk-portugal.pt\/en\/activities\/\"><span style=\"text-decoration: underline;\">saturday, December 18th | 5pm\u00a0 &#8211; 10pm<\/span><\/a><\/h5><h6><span style=\"font-size: 1rem;\">Curatorial interventions by V\u00e2nia Rovisco<\/span><\/h6><h5>\u00a0<\/h5><h5><a href=\"https:\/\/aadk-portugal.pt\/en\/activities\/\"><span style=\"text-decoration: underline;\">sunday, December 19th | 5pm\u00a0 &#8211; 10pm<\/span><\/a><\/h5><h6>Curatorial interventions by S\u00f3nia Baptista<\/h6><h5><span style=\"text-decoration: underline;\"><br \/><a href=\"https:\/\/aadk-portugal.pt\/en\/activities\/\">tuesday, December 21th | 6pm\u00a0 &#8211; 10pm<\/a><\/span><\/h5><h6>Curatorial interventions by Margarida Mendes<\/h6>\t\t\t\t\t\t<\/div>\n\t\t\t\t<\/div>\n\t\t\t\t<div class=\"elementor-element elementor-element-f672c47 elementor-widget-divider--view-line elementor-widget elementor-widget-divider\" data-id=\"f672c47\" data-element_type=\"widget\" data-widget_type=\"divider.default\">\n\t\t\t\t<div class=\"elementor-widget-container\">\n\t\t\t\t\t<div class=\"elementor-divider\">\n\t\t\t<span class=\"elementor-divider-separator\">\n\t\t\t\t\t\t<\/span>\n\t\t<\/div>\n\t\t\t\t<\/div>\n\t\t\t\t<\/div>\n\t\t\t\t<div class=\"elementor-element elementor-element-7f71ddc elementor-widget elementor-widget-text-editor\" data-id=\"7f71ddc\" data-element_type=\"widget\" data-widget_type=\"text-editor.default\">\n\t\t\t\t<div class=\"elementor-widget-container\">\n\t\t\t\t\t\t\t<h4>No title of nobody<\/h4><h5><span style=\"text-decoration: underline;\">06 &#8211; 20 January 2022<\/span><\/h5><h6>Artistic Residency &#8211; Project by V\u00e2nia Rovisco with Romeu Runa<\/h6>\t\t\t\t\t\t<\/div>\n\t\t\t\t<\/div>\n\t\t\t\t\t<\/div>\n\t\t<\/div>\n\t\t\t\t\t\t\t<\/div>\n\t\t<\/section>\n\t\t\t\t\t\t<\/div>\n\t\t\t\t\t<\/div>\n\t\t","protected":false},"excerpt":{"rendered":"<p>2021\u00a0THE PLOT BEGINS\u2026\u00a0on full moons, autumn equinox and winter solstice The Plot begins! sunday, August 22nd | 5.30pm &#8211; 10pm Curatorial Interventions by V\u00e2nia Rovisco, Margarida Mendes and S\u00f3nia Baptista The Plot thickens sunday, September 19th | 5.30pm &#8211; 10pm Curatorial interventions by V\u00e2nia Rovisco and Margarida Mendes. tuesday, September 21st | 5.30pm &#8211; 10pm [&hellip;]<\/p>\n","protected":false},"author":1,"featured_media":0,"parent":0,"menu_order":0,"comment_status":"closed","ping_status":"closed","template":"","meta":{"footnotes":""},"class_list":["post-2878","page","type-page","status-publish","hentry"],"_links":{"self":[{"href":"https:\/\/aadk-portugal.pt\/en\/wp-json\/wp\/v2\/pages\/2878","targetHints":{"allow":["GET"]}}],"collection":[{"href":"https:\/\/aadk-portugal.pt\/en\/wp-json\/wp\/v2\/pages"}],"about":[{"href":"https:\/\/aadk-portugal.pt\/en\/wp-json\/wp\/v2\/types\/page"}],"author":[{"embeddable":true,"href":"https:\/\/aadk-portugal.pt\/en\/wp-json\/wp\/v2\/users\/1"}],"replies":[{"embeddable":true,"href":"https:\/\/aadk-portugal.pt\/en\/wp-json\/wp\/v2\/comments?post=2878"}],"version-history":[{"count":124,"href":"https:\/\/aadk-portugal.pt\/en\/wp-json\/wp\/v2\/pages\/2878\/revisions"}],"predecessor-version":[{"id":4568,"href":"https:\/\/aadk-portugal.pt\/en\/wp-json\/wp\/v2\/pages\/2878\/revisions\/4568"}],"wp:attachment":[{"href":"https:\/\/aadk-portugal.pt\/en\/wp-json\/wp\/v2\/media?parent=2878"}],"curies":[{"name":"wp","href":"https:\/\/api.w.org\/{rel}","templated":true}]}}