{"id":2876,"date":"2021-08-20T03:50:59","date_gmt":"2021-08-20T03:50:59","guid":{"rendered":"http:\/\/aadk-portugal.pt\/en\/?page_id=2876"},"modified":"2022-08-26T06:25:46","modified_gmt":"2022-08-26T06:25:46","slug":"equipa","status":"publish","type":"page","link":"https:\/\/aadk-portugal.pt\/en\/equipa\/","title":{"rendered":"Team"},"content":{"rendered":"\t\t<div data-elementor-type=\"wp-page\" data-elementor-id=\"2876\" class=\"elementor elementor-2876\" data-elementor-settings=\"[]\">\n\t\t\t\t\t\t\t<div class=\"elementor-section-wrap\">\n\t\t\t\t\t\t\t<section class=\"elementor-section elementor-top-section elementor-element elementor-element-7876074 elementor-section-boxed elementor-section-height-default elementor-section-height-default\" data-id=\"7876074\" data-element_type=\"section\">\n\t\t\t\t\t\t<div class=\"elementor-container elementor-column-gap-default\">\n\t\t\t\t\t<div class=\"elementor-column elementor-col-100 elementor-top-column elementor-element elementor-element-e48bce7\" data-id=\"e48bce7\" data-element_type=\"column\">\n\t\t\t<div class=\"elementor-widget-wrap elementor-element-populated\">\n\t\t\t\t\t\t\t\t<div class=\"elementor-element elementor-element-2f361d6 elementor-widget elementor-widget-heading\" data-id=\"2f361d6\" data-element_type=\"widget\" data-widget_type=\"heading.default\">\n\t\t\t\t<div class=\"elementor-widget-container\">\n\t\t\t<h4 class=\"elementor-heading-title elementor-size-default\">Direction<\/h4>\t\t<\/div>\n\t\t\t\t<\/div>\n\t\t\t\t\t<\/div>\n\t\t<\/div>\n\t\t\t\t\t\t\t<\/div>\n\t\t<\/section>\n\t\t\t\t<section class=\"elementor-section elementor-top-section elementor-element elementor-element-f4d7a07 elementor-section-boxed elementor-section-height-default elementor-section-height-default\" data-id=\"f4d7a07\" data-element_type=\"section\">\n\t\t\t\t\t\t<div class=\"elementor-container elementor-column-gap-default\">\n\t\t\t\t\t<div class=\"elementor-column elementor-col-100 elementor-top-column elementor-element elementor-element-71dadd5\" data-id=\"71dadd5\" data-element_type=\"column\">\n\t\t\t<div class=\"elementor-widget-wrap elementor-element-populated\">\n\t\t\t\t\t\t\t\t<div class=\"elementor-element elementor-element-1cbb533 elementor-widget elementor-widget-text-editor\" data-id=\"1cbb533\" data-element_type=\"widget\" data-widget_type=\"text-editor.default\">\n\t\t\t\t<div class=\"elementor-widget-container\">\n\t\t\t\t\t\t\t\t\t\t\t\t\t<\/div>\n\t\t\t\t<\/div>\n\t\t\t\t\t<\/div>\n\t\t<\/div>\n\t\t\t\t\t\t\t<\/div>\n\t\t<\/section>\n\t\t\t\t<section class=\"elementor-section elementor-top-section elementor-element elementor-element-aacb078 elementor-section-boxed elementor-section-height-default elementor-section-height-default\" data-id=\"aacb078\" data-element_type=\"section\">\n\t\t\t\t\t\t<div class=\"elementor-container elementor-column-gap-default\">\n\t\t\t\t\t<div class=\"elementor-column elementor-col-50 elementor-top-column elementor-element elementor-element-2618572\" data-id=\"2618572\" data-element_type=\"column\">\n\t\t\t<div class=\"elementor-widget-wrap elementor-element-populated\">\n\t\t\t\t\t\t\t\t<div class=\"elementor-element elementor-element-7c0379b elementor-widget elementor-widget-image\" data-id=\"7c0379b\" data-element_type=\"widget\" data-widget_type=\"image.default\">\n\t\t\t\t<div class=\"elementor-widget-container\">\n\t\t\t\t\t\t\t\t\t\t\t\t\t\t\t<img loading=\"lazy\" decoding=\"async\" width=\"460\" height=\"613\" src=\"https:\/\/aadk-portugal.pt\/en\/wp-content\/uploads\/sites\/4\/2021\/08\/img_5920.jpeg\" class=\"attachment-large size-large\" alt=\"\" srcset=\"https:\/\/aadk-portugal.pt\/en\/wp-content\/uploads\/sites\/4\/2021\/08\/img_5920.jpeg 460w, https:\/\/aadk-portugal.pt\/en\/wp-content\/uploads\/sites\/4\/2021\/08\/img_5920-225x300.jpeg 225w\" sizes=\"auto, (max-width: 460px) 100vw, 460px\" \/>\t\t\t\t\t\t\t\t\t\t\t\t\t\t\t<\/div>\n\t\t\t\t<\/div>\n\t\t\t\t\t<\/div>\n\t\t<\/div>\n\t\t\t\t<div class=\"elementor-column elementor-col-50 elementor-top-column elementor-element elementor-element-80fd481\" data-id=\"80fd481\" data-element_type=\"column\">\n\t\t\t<div class=\"elementor-widget-wrap elementor-element-populated\">\n\t\t\t\t\t\t\t\t<div class=\"elementor-element elementor-element-b382389 elementor-widget elementor-widget-text-editor\" data-id=\"b382389\" data-element_type=\"widget\" data-widget_type=\"text-editor.default\">\n\t\t\t\t<div class=\"elementor-widget-container\">\n\t\t\t\t\t\t\t<p><u style=\"font-size: 1rem;\"><b>V\u00e2nia Rovisco<\/b><\/u><span style=\"font-size: 1rem;\"> &#8211; Durban, South Africa (1975).<\/span><\/p><p>attended the course of Contemporary Dance for Interpreters by Forum Dan\u00e7a in Lisbon, Portugal.<\/p><p>In 2001 she was a guest student at the Centre Chor\u00e9graphique National de Montpellier. She co-created with choreographer Meg Stuart\/Damaged Goods in Alibi, Visitors Only, Replacement, It\u2019s not funny, the duet Inflam\u00e1vel and in the improvisation projects Revisited and Impressions. She has directed and continues to direct movement for various theatre pieces in Lisbon.<\/p><p>In 2006 she moved to Berlin, where she took part in Gordon Monahan\u2019s installation Gordon Monahan and Theremin in the Rain Concert Performance. With musician Jochen Arbeit and performance artist Abraham Hurtado she created the artistic platform Aktuelle Architektur der Kultur &#8211; AADK which later expanded to Spain and Portugal, where various projects and concepts are projected as spaces to create within. With Belgian plastic artist Hans Demulenare she created No Titles but Layers (2007), an installation\/performance of space, where she conceived a movable object The Frame. As an actress she participated in film projects by visual artists Julian Rosefeldt (Milk, 2007) and Pierre Coulibeuf (D\u00e9dale, 2009).<\/p><p>Being a freelancer she engages her time with her own work researching elements of improvisation into composition.<\/p><p>V\u00e2nia Rovisco uses the simple articulation of meaning devices such as wording, the formal hybridity, the cadence and articulation of time, the inherited geometries of choreography\u2019s use for affirmation or disruption of social standardization, such entries and projections are displayed on the body and modes. Bringing the performative work towards the geography of affections and relations (framing, accelerating, intensifying the bodies), including it in the gallery space \u2013 requiring therefore a recasting of the guidelines, expectations and involvement, turning the public into a co-creator attaining singular experience, mediator of the results, and living document of the process. Her work includes video installations, performance as a live installation, installation, music and performance, with prevailing a common denominator: the production of meaning as an encounter between and departing from bodies\/movement.<\/p><p>In 2014 she conceived the project REACTING TO TIME &#8211; portugueses na performance, which deals with the transmission of archive performances from the 70&#8217;s and 80&#8217;s that took place in Portugal. In 2017 she directed the group piece entitled Equanimidade e\/ou nimo Inalter\u00e1vel. In 2019 held the curatorship of the 4 months course, Performing Arts Advanced Program &#8211; PACAP3 for F\u00f3rum Dan\u00e7a. In the same year began The Plot \u2013 AADK Portugal, a 5180m2 piece of land with the vision to blossom into a creative artistic life experience working space of being. Currently continues to work as a performer, mentor and author of own work.<\/p>\t\t\t\t\t\t<\/div>\n\t\t\t\t<\/div>\n\t\t\t\t\t<\/div>\n\t\t<\/div>\n\t\t\t\t\t\t\t<\/div>\n\t\t<\/section>\n\t\t\t\t<section class=\"elementor-section elementor-top-section elementor-element elementor-element-8b6b128 elementor-section-boxed elementor-section-height-default elementor-section-height-default\" data-id=\"8b6b128\" data-element_type=\"section\">\n\t\t\t\t\t\t<div class=\"elementor-container elementor-column-gap-default\">\n\t\t\t\t\t<div class=\"elementor-column elementor-col-100 elementor-top-column elementor-element elementor-element-9380875\" data-id=\"9380875\" data-element_type=\"column\">\n\t\t\t<div class=\"elementor-widget-wrap elementor-element-populated\">\n\t\t\t\t\t\t\t\t<div class=\"elementor-element elementor-element-c3786fb elementor-widget-divider--view-line elementor-widget elementor-widget-divider\" data-id=\"c3786fb\" data-element_type=\"widget\" data-widget_type=\"divider.default\">\n\t\t\t\t<div class=\"elementor-widget-container\">\n\t\t\t\t\t<div class=\"elementor-divider\">\n\t\t\t<span class=\"elementor-divider-separator\">\n\t\t\t\t\t\t<\/span>\n\t\t<\/div>\n\t\t\t\t<\/div>\n\t\t\t\t<\/div>\n\t\t\t\t\t<\/div>\n\t\t<\/div>\n\t\t\t\t\t\t\t<\/div>\n\t\t<\/section>\n\t\t\t\t<section class=\"elementor-section elementor-top-section elementor-element elementor-element-c32ea12 elementor-section-boxed elementor-section-height-default elementor-section-height-default\" data-id=\"c32ea12\" data-element_type=\"section\">\n\t\t\t\t\t\t<div class=\"elementor-container elementor-column-gap-default\">\n\t\t\t\t\t<div class=\"elementor-column elementor-col-100 elementor-top-column elementor-element elementor-element-eab2afd\" data-id=\"eab2afd\" data-element_type=\"column\">\n\t\t\t<div class=\"elementor-widget-wrap elementor-element-populated\">\n\t\t\t\t\t\t\t\t<div class=\"elementor-element elementor-element-6513ce9 elementor-widget elementor-widget-heading\" data-id=\"6513ce9\" data-element_type=\"widget\" data-widget_type=\"heading.default\">\n\t\t\t\t<div class=\"elementor-widget-container\">\n\t\t\t<h4 class=\"elementor-heading-title elementor-size-default\">Friends, associates and collaborators:<\/h4>\t\t<\/div>\n\t\t\t\t<\/div>\n\t\t\t\t\t<\/div>\n\t\t<\/div>\n\t\t\t\t\t\t\t<\/div>\n\t\t<\/section>\n\t\t\t\t<section class=\"elementor-section elementor-top-section elementor-element elementor-element-64314bd elementor-section-boxed elementor-section-height-default elementor-section-height-default\" data-id=\"64314bd\" data-element_type=\"section\">\n\t\t\t\t\t\t<div class=\"elementor-container elementor-column-gap-default\">\n\t\t\t\t\t<div class=\"elementor-column elementor-col-100 elementor-top-column elementor-element elementor-element-77ad24e\" data-id=\"77ad24e\" data-element_type=\"column\">\n\t\t\t<div class=\"elementor-widget-wrap elementor-element-populated\">\n\t\t\t\t\t\t\t\t<div class=\"elementor-element elementor-element-29edb47 elementor-widget elementor-widget-text-editor\" data-id=\"29edb47\" data-element_type=\"widget\" data-widget_type=\"text-editor.default\">\n\t\t\t\t<div class=\"elementor-widget-container\">\n\t\t\t\t\t\t\t<h5><span style=\"text-decoration: underline;\">D\u00e9bora Guimar\u00e3es<\/span><br \/><span style=\"text-decoration: underline;\">Marcus Rovisco<\/span><br \/><span style=\"text-decoration: underline;\">Margarida Mendes<\/span><br \/><span style=\"text-decoration: underline;\">Maria Jo\u00e3o Garcia<\/span><br \/><span style=\"text-decoration: underline;\">S\u00e9rgio Diogo Matias<\/span><br \/><span style=\"text-decoration: underline;\">S\u00f3nia Baptista<\/span><br \/><span style=\"text-decoration: underline;\">Rita Karayianni<\/span><br \/><span style=\"text-decoration: underline;\">Romeu Runa<\/span><\/h5><h5>and many many more.<\/h5><div>\u00a0<\/div>\t\t\t\t\t\t<\/div>\n\t\t\t\t<\/div>\n\t\t\t\t\t<\/div>\n\t\t<\/div>\n\t\t\t\t\t\t\t<\/div>\n\t\t<\/section>\n\t\t\t\t\t\t<\/div>\n\t\t\t\t\t<\/div>\n\t\t","protected":false},"excerpt":{"rendered":"<p>Direction V\u00e2nia Rovisco &#8211; Durban, South Africa (1975). attended the course of Contemporary Dance for Interpreters by Forum Dan\u00e7a in Lisbon, Portugal. In 2001 she was a guest student at the Centre Chor\u00e9graphique National de Montpellier. She co-created with choreographer Meg Stuart\/Damaged Goods in Alibi, Visitors Only, Replacement, It\u2019s not funny, the duet Inflam\u00e1vel and [&hellip;]<\/p>\n","protected":false},"author":1,"featured_media":0,"parent":0,"menu_order":0,"comment_status":"closed","ping_status":"closed","template":"","meta":{"footnotes":""},"class_list":["post-2876","page","type-page","status-publish","hentry"],"_links":{"self":[{"href":"https:\/\/aadk-portugal.pt\/en\/wp-json\/wp\/v2\/pages\/2876","targetHints":{"allow":["GET"]}}],"collection":[{"href":"https:\/\/aadk-portugal.pt\/en\/wp-json\/wp\/v2\/pages"}],"about":[{"href":"https:\/\/aadk-portugal.pt\/en\/wp-json\/wp\/v2\/types\/page"}],"author":[{"embeddable":true,"href":"https:\/\/aadk-portugal.pt\/en\/wp-json\/wp\/v2\/users\/1"}],"replies":[{"embeddable":true,"href":"https:\/\/aadk-portugal.pt\/en\/wp-json\/wp\/v2\/comments?post=2876"}],"version-history":[{"count":66,"href":"https:\/\/aadk-portugal.pt\/en\/wp-json\/wp\/v2\/pages\/2876\/revisions"}],"predecessor-version":[{"id":4556,"href":"https:\/\/aadk-portugal.pt\/en\/wp-json\/wp\/v2\/pages\/2876\/revisions\/4556"}],"wp:attachment":[{"href":"https:\/\/aadk-portugal.pt\/en\/wp-json\/wp\/v2\/media?parent=2876"}],"curies":[{"name":"wp","href":"https:\/\/api.w.org\/{rel}","templated":true}]}}