{"id":2874,"date":"2021-08-20T03:50:35","date_gmt":"2021-08-20T03:50:35","guid":{"rendered":"http:\/\/aadk-portugal.pt\/en\/?page_id=2874"},"modified":"2022-08-26T06:22:36","modified_gmt":"2022-08-26T06:22:36","slug":"the-plot","status":"publish","type":"page","link":"https:\/\/aadk-portugal.pt\/en\/the-plot\/","title":{"rendered":"The Plot"},"content":{"rendered":"\t\t<div data-elementor-type=\"wp-page\" data-elementor-id=\"2874\" class=\"elementor elementor-2874\" data-elementor-settings=\"[]\">\n\t\t\t\t\t\t\t<div class=\"elementor-section-wrap\">\n\t\t\t\t\t\t\t<section class=\"elementor-section elementor-top-section elementor-element elementor-element-7b0c4e13 elementor-section-boxed elementor-section-height-default elementor-section-height-default\" data-id=\"7b0c4e13\" data-element_type=\"section\">\n\t\t\t\t\t\t<div class=\"elementor-container elementor-column-gap-default\">\n\t\t\t\t\t<div class=\"elementor-column elementor-col-100 elementor-top-column elementor-element elementor-element-5d431e41\" data-id=\"5d431e41\" data-element_type=\"column\">\n\t\t\t<div class=\"elementor-widget-wrap elementor-element-populated\">\n\t\t\t\t\t\t\t\t<div class=\"elementor-element elementor-element-44eaae9e elementor-widget elementor-widget-text-editor\" data-id=\"44eaae9e\" data-element_type=\"widget\" data-widget_type=\"text-editor.default\">\n\t\t\t\t<div class=\"elementor-widget-container\">\n\t\t\t\t\t\t\t<p>At the end of 2020, was practically completed the rehabilitation of what becomes the headquarters of AADK Portugal: The Plot, a property of about half a hectare near Azeit\u00e3o (5.3 km) and Set\u00fabal (13 km), with Arr\u00e1bida mountain in the background and 845 km from AADK Spain. A place that contains facilities, resources and skills to become a cultural place of the future. A crossroads between countryside and city, a paradox of sensations that are intertwined in the wisdom of the seasons, in the cyclicality of agricultural work, in the transformation of sand into nourished earth, a metaphor for the work that is intended to be developed there. A place to be experienced, not resolved. The place where the process remains and continues.<\/p>\t\t\t\t\t\t<\/div>\n\t\t\t\t<\/div>\n\t\t\t\t\t<\/div>\n\t\t<\/div>\n\t\t\t\t\t\t\t<\/div>\n\t\t<\/section>\n\t\t\t\t<section class=\"elementor-section elementor-top-section elementor-element elementor-element-50f78f2 elementor-section-boxed elementor-section-height-default elementor-section-height-default\" data-id=\"50f78f2\" data-element_type=\"section\">\n\t\t\t\t\t\t<div class=\"elementor-container elementor-column-gap-default\">\n\t\t\t\t\t<div class=\"elementor-column elementor-col-100 elementor-top-column elementor-element elementor-element-6776fce\" data-id=\"6776fce\" data-element_type=\"column\">\n\t\t\t<div class=\"elementor-widget-wrap elementor-element-populated\">\n\t\t\t\t\t\t\t\t<div class=\"elementor-element elementor-element-cb4fcbf elementor-widget-divider--view-line elementor-widget elementor-widget-divider\" data-id=\"cb4fcbf\" data-element_type=\"widget\" data-widget_type=\"divider.default\">\n\t\t\t\t<div class=\"elementor-widget-container\">\n\t\t\t\t\t<div class=\"elementor-divider\">\n\t\t\t<span class=\"elementor-divider-separator\">\n\t\t\t\t\t\t<\/span>\n\t\t<\/div>\n\t\t\t\t<\/div>\n\t\t\t\t<\/div>\n\t\t\t\t\t<\/div>\n\t\t<\/div>\n\t\t\t\t\t\t\t<\/div>\n\t\t<\/section>\n\t\t\t\t<section class=\"elementor-section elementor-top-section elementor-element elementor-element-03285db aad_plot elementor-section-boxed elementor-section-height-default elementor-section-height-default\" data-id=\"03285db\" data-element_type=\"section\">\n\t\t\t\t\t\t<div class=\"elementor-container elementor-column-gap-no\">\n\t\t\t\t\t<div class=\"elementor-column elementor-col-100 elementor-top-column elementor-element elementor-element-ded92e2\" data-id=\"ded92e2\" data-element_type=\"column\">\n\t\t\t<div class=\"elementor-widget-wrap elementor-element-populated\">\n\t\t\t\t\t\t\t\t<div class=\"elementor-element elementor-element-814ec4b gallery-spacing-custom elementor-widget elementor-widget-image-gallery\" data-id=\"814ec4b\" data-element_type=\"widget\" data-widget_type=\"image-gallery.default\">\n\t\t\t\t<div class=\"elementor-widget-container\">\n\t\t\t\t\t<div class=\"elementor-image-gallery\">\n\t\t\t<div id='gallery-1' class='gallery galleryid-2874 gallery-columns-2 gallery-size-medium_large'><figure class='gallery-item'>\n\t\t\t<div class='gallery-icon landscape'>\n\t\t\t\t<a data-elementor-open-lightbox=\"yes\" data-elementor-lightbox-slideshow=\"814ec4b\" data-elementor-lightbox-title=\"IMG_9525 (Large)\" href='https:\/\/aadk-portugal.pt\/en\/wp-content\/uploads\/sites\/4\/2021\/11\/IMG_9525-Large.jpg'><img loading=\"lazy\" decoding=\"async\" width=\"640\" height=\"427\" src=\"https:\/\/aadk-portugal.pt\/en\/wp-content\/uploads\/sites\/4\/2021\/11\/IMG_9525-Large-768x512.jpg\" class=\"attachment-medium_large size-medium_large\" alt=\"\" srcset=\"https:\/\/aadk-portugal.pt\/en\/wp-content\/uploads\/sites\/4\/2021\/11\/IMG_9525-Large-768x512.jpg 768w, https:\/\/aadk-portugal.pt\/en\/wp-content\/uploads\/sites\/4\/2021\/11\/IMG_9525-Large-300x200.jpg 300w, https:\/\/aadk-portugal.pt\/en\/wp-content\/uploads\/sites\/4\/2021\/11\/IMG_9525-Large-1024x683.jpg 1024w, https:\/\/aadk-portugal.pt\/en\/wp-content\/uploads\/sites\/4\/2021\/11\/IMG_9525-Large-1536x1024.jpg 1536w, https:\/\/aadk-portugal.pt\/en\/wp-content\/uploads\/sites\/4\/2021\/11\/IMG_9525-Large.jpg 1620w\" sizes=\"auto, (max-width: 640px) 100vw, 640px\" \/><\/a>\n\t\t\t<\/div><\/figure><figure class='gallery-item'>\n\t\t\t<div class='gallery-icon landscape'>\n\t\t\t\t<a data-elementor-open-lightbox=\"yes\" data-elementor-lightbox-slideshow=\"814ec4b\" data-elementor-lightbox-title=\"IMG_9532 (Large)\" href='https:\/\/aadk-portugal.pt\/en\/wp-content\/uploads\/sites\/4\/2021\/11\/IMG_9532-Large.jpg'><img loading=\"lazy\" decoding=\"async\" width=\"640\" height=\"427\" src=\"https:\/\/aadk-portugal.pt\/en\/wp-content\/uploads\/sites\/4\/2021\/11\/IMG_9532-Large-768x512.jpg\" class=\"attachment-medium_large size-medium_large\" alt=\"\" srcset=\"https:\/\/aadk-portugal.pt\/en\/wp-content\/uploads\/sites\/4\/2021\/11\/IMG_9532-Large-768x512.jpg 768w, https:\/\/aadk-portugal.pt\/en\/wp-content\/uploads\/sites\/4\/2021\/11\/IMG_9532-Large-300x200.jpg 300w, https:\/\/aadk-portugal.pt\/en\/wp-content\/uploads\/sites\/4\/2021\/11\/IMG_9532-Large-1024x683.jpg 1024w, https:\/\/aadk-portugal.pt\/en\/wp-content\/uploads\/sites\/4\/2021\/11\/IMG_9532-Large-1536x1024.jpg 1536w, https:\/\/aadk-portugal.pt\/en\/wp-content\/uploads\/sites\/4\/2021\/11\/IMG_9532-Large.jpg 1620w\" sizes=\"auto, (max-width: 640px) 100vw, 640px\" \/><\/a>\n\t\t\t<\/div><\/figure>\n\t\t<\/div>\n\t\t<\/div>\n\t\t\t\t<\/div>\n\t\t\t\t<\/div>\n\t\t\t\t\t<\/div>\n\t\t<\/div>\n\t\t\t\t\t\t\t<\/div>\n\t\t<\/section>\n\t\t\t\t<section class=\"elementor-section elementor-top-section elementor-element elementor-element-463ea6f elementor-section-boxed elementor-section-height-default elementor-section-height-default\" data-id=\"463ea6f\" data-element_type=\"section\">\n\t\t\t\t\t\t<div class=\"elementor-container elementor-column-gap-default\">\n\t\t\t\t\t<div class=\"elementor-column elementor-col-100 elementor-top-column elementor-element elementor-element-76db245\" data-id=\"76db245\" data-element_type=\"column\">\n\t\t\t<div class=\"elementor-widget-wrap\">\n\t\t\t\t\t\t\t\t\t<\/div>\n\t\t<\/div>\n\t\t\t\t\t\t\t<\/div>\n\t\t<\/section>\n\t\t\t\t<section class=\"elementor-section elementor-top-section elementor-element elementor-element-4712ed2 elementor-section-boxed elementor-section-height-default elementor-section-height-default\" data-id=\"4712ed2\" data-element_type=\"section\">\n\t\t\t\t\t\t<div class=\"elementor-container elementor-column-gap-default\">\n\t\t\t\t\t<div class=\"elementor-column elementor-col-100 elementor-top-column elementor-element elementor-element-bf54912\" data-id=\"bf54912\" data-element_type=\"column\">\n\t\t\t<div class=\"elementor-widget-wrap elementor-element-populated\">\n\t\t\t\t\t\t\t\t<div class=\"elementor-element elementor-element-75a8411 elementor-widget elementor-widget-text-editor\" data-id=\"75a8411\" data-element_type=\"widget\" data-widget_type=\"text-editor.default\">\n\t\t\t\t<div class=\"elementor-widget-container\">\n\t\t\t\t\t\t\t<p><b>\u201cWhen different systems of production complement each other &#8211; each providing goods and services needed by the other without one dominating the other &#8211; the pattern is labeled symbiotic complementary. The groups or individuals involved in this mutual economic interdependence are usually relatively equal socially and independent of each other politically. To large degree, symbiotic complementarity is relevant only to small-scale systems of production. Increasing scale and indirect interdependence tend to create more unequal relationships.<br \/>Symbiotic complementarity can take many forms. Sometimes two groups use the same land at different seasons for different yet complementary purposes. \u201c<\/b><\/p><p>In \u201cContemporary Cultural Anthropology\u201d, Mich\u00e4el C. Howard.<\/p>\t\t\t\t\t\t<\/div>\n\t\t\t\t<\/div>\n\t\t\t\t<div class=\"elementor-element elementor-element-be7adf1 elementor-widget-divider--view-line elementor-widget elementor-widget-divider\" data-id=\"be7adf1\" data-element_type=\"widget\" data-widget_type=\"divider.default\">\n\t\t\t\t<div class=\"elementor-widget-container\">\n\t\t\t\t\t<div class=\"elementor-divider\">\n\t\t\t<span class=\"elementor-divider-separator\">\n\t\t\t\t\t\t<\/span>\n\t\t<\/div>\n\t\t\t\t<\/div>\n\t\t\t\t<\/div>\n\t\t\t\t\t<\/div>\n\t\t<\/div>\n\t\t\t\t\t\t\t<\/div>\n\t\t<\/section>\n\t\t\t\t\t\t<\/div>\n\t\t\t\t\t<\/div>\n\t\t","protected":false},"excerpt":{"rendered":"<p>At the end of 2020, was practically completed the rehabilitation of what becomes the headquarters of AADK Portugal: The Plot, a property of about half a hectare near Azeit\u00e3o (5.3 km) and Set\u00fabal (13 km), with Arr\u00e1bida mountain in the background and 845 km from AADK Spain. A place that contains facilities, resources and skills [&hellip;]<\/p>\n","protected":false},"author":1,"featured_media":0,"parent":0,"menu_order":0,"comment_status":"closed","ping_status":"closed","template":"","meta":{"footnotes":""},"class_list":["post-2874","page","type-page","status-publish","hentry"],"_links":{"self":[{"href":"https:\/\/aadk-portugal.pt\/en\/wp-json\/wp\/v2\/pages\/2874","targetHints":{"allow":["GET"]}}],"collection":[{"href":"https:\/\/aadk-portugal.pt\/en\/wp-json\/wp\/v2\/pages"}],"about":[{"href":"https:\/\/aadk-portugal.pt\/en\/wp-json\/wp\/v2\/types\/page"}],"author":[{"embeddable":true,"href":"https:\/\/aadk-portugal.pt\/en\/wp-json\/wp\/v2\/users\/1"}],"replies":[{"embeddable":true,"href":"https:\/\/aadk-portugal.pt\/en\/wp-json\/wp\/v2\/comments?post=2874"}],"version-history":[{"count":79,"href":"https:\/\/aadk-portugal.pt\/en\/wp-json\/wp\/v2\/pages\/2874\/revisions"}],"predecessor-version":[{"id":4547,"href":"https:\/\/aadk-portugal.pt\/en\/wp-json\/wp\/v2\/pages\/2874\/revisions\/4547"}],"wp:attachment":[{"href":"https:\/\/aadk-portugal.pt\/en\/wp-json\/wp\/v2\/media?parent=2874"}],"curies":[{"name":"wp","href":"https:\/\/api.w.org\/{rel}","templated":true}]}}